{"id":245,"date":"2023-12-15T14:46:41","date_gmt":"2023-12-15T14:46:41","guid":{"rendered":"https:\/\/andentours.com\/index.php\/kontakt\/"},"modified":"2024-02-11T22:07:04","modified_gmt":"2024-02-11T22:07:04","slug":"kontakt","status":"publish","type":"page","link":"https:\/\/andentours.com\/de\/index.php\/kontakt\/","title":{"rendered":"Kontakt"},"content":{"rendered":"\t\t<div data-elementor-type=\"wp-page\" data-elementor-id=\"245\" class=\"elementor elementor-245 elementor-26\" data-elementor-post-type=\"page\">\n\t\t\t\t<div class=\"elementor-element elementor-element-619f36be e-con-full e-flex e-con e-parent\" data-id=\"619f36be\" data-element_type=\"container\" data-settings=\"{&quot;background_background&quot;:&quot;classic&quot;}\">\n\t\t\t\t<div class=\"elementor-element elementor-element-2502b9a3 animated-slow elementor-invisible elementor-widget elementor-widget-heading\" data-id=\"2502b9a3\" data-element_type=\"widget\" data-settings=\"{&quot;_animation&quot;:&quot;slideInUp&quot;}\" data-widget_type=\"heading.default\">\n\t\t\t\t<div class=\"elementor-widget-container\">\n\t\t\t\t\t<h2 class=\"elementor-heading-title elementor-size-default\">Wir w\u00fcrden uns freuen, von Ihnen zu h\u00f6ren<\/h2>\t\t\t\t<\/div>\n\t\t\t\t<\/div>\n\t\t\t\t<div class=\"elementor-element elementor-element-68c65c2f animated-slow elementor-invisible elementor-widget elementor-widget-heading\" data-id=\"68c65c2f\" data-element_type=\"widget\" data-settings=\"{&quot;_animation&quot;:&quot;slideInUp&quot;}\" data-widget_type=\"heading.default\">\n\t\t\t\t<div class=\"elementor-widget-container\">\n\t\t\t\t\t<h2 class=\"elementor-heading-title elementor-size-default\">Kontaktieren Sie uns<\/h2>\t\t\t\t<\/div>\n\t\t\t\t<\/div>\n\t\t<div class=\"elementor-element elementor-element-7bbbfc38 e-con-full e-flex e-con e-child\" data-id=\"7bbbfc38\" data-element_type=\"container\">\n\t\t<div class=\"elementor-element elementor-element-bbe1eb7 e-con-full e-flex e-con e-child\" data-id=\"bbe1eb7\" data-element_type=\"container\">\n\t\t\t\t<div class=\"elementor-element elementor-element-680e5b54 elementor-widget elementor-widget-icon-box\" data-id=\"680e5b54\" data-element_type=\"widget\" data-widget_type=\"icon-box.default\">\n\t\t\t\t<div class=\"elementor-widget-container\">\n\t\t\t\t\t\t\t<div class=\"elementor-icon-box-wrapper\">\n\n\t\t\t\n\t\t\t\t\t\t<div class=\"elementor-icon-box-content\">\n\n\t\t\t\t\t\t\t\t\t<h3 class=\"elementor-icon-box-title\">\n\t\t\t\t\t\t<span  >\n\t\t\t\t\t\t\tHier finden Sie uns\t\t\t\t\t\t<\/span>\n\t\t\t\t\t<\/h3>\n\t\t\t\t\n\t\t\t\t\n\t\t\t<\/div>\n\t\t\t\n\t\t<\/div>\n\t\t\t\t\t\t<\/div>\n\t\t\t\t<\/div>\n\t\t\t\t<div class=\"elementor-element elementor-element-73861b62 elementor-widget elementor-widget-icon-box\" data-id=\"73861b62\" data-element_type=\"widget\" data-widget_type=\"icon-box.default\">\n\t\t\t\t<div class=\"elementor-widget-container\">\n\t\t\t\t\t\t\t<div class=\"elementor-icon-box-wrapper\">\n\n\t\t\t\n\t\t\t\t\t\t<div class=\"elementor-icon-box-content\">\n\n\t\t\t\t\t\t\t\t\t<h3 class=\"elementor-icon-box-title\">\n\t\t\t\t\t\t<span  >\n\t\t\t\t\t\t\tKontakt aufnehmen\t\t\t\t\t\t<\/span>\n\t\t\t\t\t<\/h3>\n\t\t\t\t\n\t\t\t\t\t\t\t\t\t<p class=\"elementor-icon-box-description\">\n\t\t\t\t\t\tRufnummer: +57 312 2348985<br>\ninfo@andentours.com\t\t\t\t\t<\/p>\n\t\t\t\t\n\t\t\t<\/div>\n\t\t\t\n\t\t<\/div>\n\t\t\t\t\t\t<\/div>\n\t\t\t\t<\/div>\n\t\t\t\t<div class=\"elementor-element elementor-element-3a1c9c2e elementor-widget elementor-widget-icon-box\" data-id=\"3a1c9c2e\" data-element_type=\"widget\" data-widget_type=\"icon-box.default\">\n\t\t\t\t<div class=\"elementor-widget-container\">\n\t\t\t\t\t\t\t<div class=\"elementor-icon-box-wrapper\">\n\n\t\t\t\n\t\t\t\t\t\t<div class=\"elementor-icon-box-content\">\n\n\t\t\t\t\t\t\t\t\t<h3 class=\"elementor-icon-box-title\">\n\t\t\t\t\t\t<span  >\n\t\t\t\t\t\t\t\u00d6ffnungszeiten\t\t\t\t\t\t<\/span>\n\t\t\t\t\t<\/h3>\n\t\t\t\t\n\t\t\t\t\t\t\t\t\t<p class=\"elementor-icon-box-description\">\n\t\t\t\t\t\tMo - Fr: 9 - 20 Uhr<br>\n\t\t\t\t\t<\/p>\n\t\t\t\t\n\t\t\t<\/div>\n\t\t\t\n\t\t<\/div>\n\t\t\t\t\t\t<\/div>\n\t\t\t\t<\/div>\n\t\t\t\t<\/div>\n\t\t<div class=\"elementor-element elementor-element-516ef45e e-con-full e-flex e-con e-child\" data-id=\"516ef45e\" data-element_type=\"container\">\n\t\t\t\t<div class=\"elementor-element elementor-element-70881554 elementor-widget elementor-widget-heading\" data-id=\"70881554\" data-element_type=\"widget\" data-widget_type=\"heading.default\">\n\t\t\t\t<div class=\"elementor-widget-container\">\n\t\t\t\t\t<h2 class=\"elementor-heading-title elementor-size-default\">Machen Sie den ersten Schritt, wir<br>\nk\u00fcmmern uns um den Rest<\/h2>\t\t\t\t<\/div>\n\t\t\t\t<\/div>\n\t\t\t\t<div class=\"elementor-element elementor-element-85df7ec elementor-button-align-start elementor-tablet-button-align-stretch elementor-widget elementor-widget-form\" data-id=\"85df7ec\" data-element_type=\"widget\" data-settings=\"{&quot;button_width_tablet&quot;:&quot;100&quot;,&quot;step_next_label&quot;:&quot;Weiter&quot;,&quot;step_previous_label&quot;:&quot;Vorherige&quot;,&quot;button_width&quot;:&quot;100&quot;,&quot;step_type&quot;:&quot;number_text&quot;,&quot;step_icon_shape&quot;:&quot;circle&quot;}\" data-widget_type=\"form.default\">\n\t\t\t\t<div class=\"elementor-widget-container\">\n\t\t\t\t\t\t\t<form class=\"elementor-form\" method=\"post\" name=\"Kontakt\">\n\t\t\t<input type=\"hidden\" name=\"post_id\" value=\"245\"\/>\n\t\t\t<input type=\"hidden\" name=\"form_id\" value=\"85df7ec\"\/>\n\t\t\t<input type=\"hidden\" name=\"referer_title\" value=\"Kontakt -\" \/>\n\n\t\t\t\t\t\t\t<input type=\"hidden\" name=\"queried_id\" value=\"245\"\/>\n\t\t\t\n\t\t\t<div class=\"elementor-form-fields-wrapper elementor-labels-\">\n\t\t\t\t\t\t\t\t<div class=\"elementor-field-type-text elementor-field-group elementor-column elementor-field-group-name elementor-col-100 elementor-md-50\">\n\t\t\t\t\t\t\t\t\t\t\t\t<label for=\"form-field-name\" class=\"elementor-field-label elementor-screen-only\">\n\t\t\t\t\t\t\t\tVorname\t\t\t\t\t\t\t<\/label>\n\t\t\t\t\t\t\t\t\t\t\t\t\t\t<input size=\"1\" type=\"text\" name=\"form_fields[name]\" id=\"form-field-name\" class=\"elementor-field elementor-size-sm  elementor-field-textual\" placeholder=\"Vorname\">\n\t\t\t\t\t\t\t\t\t\t\t<\/div>\n\t\t\t\t\t\t\t\t<div class=\"elementor-field-type-tel elementor-field-group elementor-column elementor-field-group-field_719ed13 elementor-col-100 elementor-md-50 elementor-field-required\">\n\t\t\t\t\t\t\t\t\t\t\t\t<label for=\"form-field-field_719ed13\" class=\"elementor-field-label elementor-screen-only\">\n\t\t\t\t\t\t\t\tRufnummer\t\t\t\t\t\t\t<\/label>\n\t\t\t\t\t\t\t\t<input size=\"1\" type=\"tel\" name=\"form_fields[field_719ed13]\" id=\"form-field-field_719ed13\" class=\"elementor-field elementor-size-sm  elementor-field-textual\" placeholder=\"* Telefonnummer\" required=\"required\" aria-required=\"true\" pattern=\"[0-9()#&amp;+*-=.]+\" title=\"Nur Nummern oder Telefon-Zeichen (#, -, *, etc) werden akzeptiert.\">\n\n\t\t\t\t\t\t<\/div>\n\t\t\t\t\t\t\t\t<div class=\"elementor-field-type-email elementor-field-group elementor-column elementor-field-group-email elementor-col-100 elementor-md-100 elementor-field-required\">\n\t\t\t\t\t\t\t\t\t\t\t\t<label for=\"form-field-email\" class=\"elementor-field-label elementor-screen-only\">\n\t\t\t\t\t\t\t\tE-Mail\t\t\t\t\t\t\t<\/label>\n\t\t\t\t\t\t\t\t\t\t\t\t\t\t<input size=\"1\" type=\"email\" name=\"form_fields[email]\" id=\"form-field-email\" class=\"elementor-field elementor-size-sm  elementor-field-textual\" placeholder=\"* E-Mail Adresse\" required=\"required\" aria-required=\"true\">\n\t\t\t\t\t\t\t\t\t\t\t<\/div>\n\t\t\t\t\t\t\t\t<div class=\"elementor-field-group elementor-column elementor-field-type-submit elementor-col-100 e-form__buttons elementor-md-100\">\n\t\t\t\t\t<button class=\"elementor-button elementor-size-sm elementor-animation-shrink\" type=\"submit\">\n\t\t\t\t\t\t<span class=\"elementor-button-content-wrapper\">\n\t\t\t\t\t\t\t\t\t\t\t\t\t\t\t\t\t\t\t\t\t\t<span class=\"elementor-button-text\">LET'S TALK<\/span>\n\t\t\t\t\t\t\t\t\t\t\t\t\t<\/span>\n\t\t\t\t\t<\/button>\n\t\t\t\t<\/div>\n\t\t\t<\/div>\n\t\t<label class=\"apbct_special_field\" id=\"apbct_label_id6087\" for=\"apbct__email_id__elementor_form_6087\">6087<\/label><input\n            id=\"apbct__email_id__elementor_form_6087\"\n            class=\"apbct_special_field apbct__email_id__elementor_form\"\n            name=\"apbct__email_id__elementor_form_6087\"\n            type=\"text\" size=\"30\" maxlength=\"200\" autocomplete=\"off\"\n            value=\"6087\" apbct_event_id=\"6087\"\n            \/><input id=\"apbct_event_id_elementor_form_6087\"\n                class=\"apbct_special_field\" name=\"apbct_event_id\" type=\"hidden\" value=\"6087\" \/><\/form>\n\t\t\t\t\t\t<\/div>\n\t\t\t\t<\/div>\n\t\t\t\t<\/div>\n\t\t\t\t<div class=\"elementor-element elementor-element-630c92eb elementor-widget elementor-widget-image\" data-id=\"630c92eb\" data-element_type=\"widget\" data-widget_type=\"image.default\">\n\t\t\t\t<div class=\"elementor-widget-container\">\n\t\t\t\t\t\t\t\t\t\t\t\t\t\t\t<img fetchpriority=\"high\" decoding=\"async\" width=\"1024\" height=\"1024\" src=\"https:\/\/andentours.com\/wp-content\/uploads\/2023\/12\/DALL\u00b7E-2023-12-15-11.08.08-A-group-of-diverse-cyclists-on-a-guided-bike-tour-in-the-beautiful-landscapes-of-Colombia.-They-are-riding-on-scenic-backroads-surrounded-by-lush-gre.png\" class=\"attachment-large size-large wp-image-39\" alt=\"\" srcset=\"https:\/\/andentours.com\/wp-content\/uploads\/2023\/12\/DALL\u00b7E-2023-12-15-11.08.08-A-group-of-diverse-cyclists-on-a-guided-bike-tour-in-the-beautiful-landscapes-of-Colombia.-They-are-riding-on-scenic-backroads-surrounded-by-lush-gre.png 1024w, https:\/\/andentours.com\/wp-content\/uploads\/2023\/12\/DALL\u00b7E-2023-12-15-11.08.08-A-group-of-diverse-cyclists-on-a-guided-bike-tour-in-the-beautiful-landscapes-of-Colombia.-They-are-riding-on-scenic-backroads-surrounded-by-lush-gre-300x300.png 300w, https:\/\/andentours.com\/wp-content\/uploads\/2023\/12\/DALL\u00b7E-2023-12-15-11.08.08-A-group-of-diverse-cyclists-on-a-guided-bike-tour-in-the-beautiful-landscapes-of-Colombia.-They-are-riding-on-scenic-backroads-surrounded-by-lush-gre-150x150.png 150w, https:\/\/andentours.com\/wp-content\/uploads\/2023\/12\/DALL\u00b7E-2023-12-15-11.08.08-A-group-of-diverse-cyclists-on-a-guided-bike-tour-in-the-beautiful-landscapes-of-Colombia.-They-are-riding-on-scenic-backroads-surrounded-by-lush-gre-768x768.png 768w\" sizes=\"(max-width: 1024px) 100vw, 1024px\" \/>\t\t\t\t\t\t\t\t\t\t\t\t\t\t\t<\/div>\n\t\t\t\t<\/div>\n\t\t\t\t<\/div>\n\t\t\t\t<\/div>\n\t\t\t\t<\/div>\n\t\t","protected":false},"excerpt":{"rendered":"<p>Wir w\u00fcrden uns freuen, von Ihnen zu h\u00f6ren Kontaktieren Sie uns Hier finden Sie uns Kontakt aufnehmen Rufnummer: +57 312 2348985 info@andentours.com \u00d6ffnungszeiten Mo &#8211; Fr: 9 &#8211; 20 Uhr Machen Sie den ersten Schritt, wir k\u00fcmmern uns um den Rest<\/p>\n","protected":false},"author":1,"featured_media":0,"parent":0,"menu_order":0,"comment_status":"closed","ping_status":"closed","template":"","meta":{"site-sidebar-layout":"no-sidebar","site-content-layout":"","ast-site-content-layout":"full-width-container","site-content-style":"default","site-sidebar-style":"default","ast-global-header-display":"","ast-banner-title-visibility":"","ast-main-header-display":"","ast-hfb-above-header-display":"","ast-hfb-below-header-display":"","ast-hfb-mobile-header-display":"","site-post-title":"disabled","ast-breadcrumbs-content":"","ast-featured-img":"disabled","footer-sml-layout":"","theme-transparent-header-meta":"","adv-header-id-meta":"","stick-header-meta":"","header-above-stick-meta":"","header-main-stick-meta":"","header-below-stick-meta":"","astra-migrate-meta-layouts":"default","ast-page-background-enabled":"default","ast-page-background-meta":{"desktop":{"background-color":"var(--ast-global-color-4)","background-image":"","background-repeat":"repeat","background-position":"center center","background-size":"auto","background-attachment":"scroll","background-type":"","background-media":"","overlay-type":"","overlay-color":"","overlay-opacity":"","overlay-gradient":""},"tablet":{"background-color":"","background-image":"","background-repeat":"repeat","background-position":"center center","background-size":"auto","background-attachment":"scroll","background-type":"","background-media":"","overlay-type":"","overlay-color":"","overlay-opacity":"","overlay-gradient":""},"mobile":{"background-color":"","background-image":"","background-repeat":"repeat","background-position":"center center","background-size":"auto","background-attachment":"scroll","background-type":"","background-media":"","overlay-type":"","overlay-color":"","overlay-opacity":"","overlay-gradient":""}},"ast-content-background-meta":{"desktop":{"background-color":"var(--ast-global-color-5)","background-image":"","background-repeat":"repeat","background-position":"center center","background-size":"auto","background-attachment":"scroll","background-type":"","background-media":"","overlay-type":"","overlay-color":"","overlay-opacity":"","overlay-gradient":""},"tablet":{"background-color":"var(--ast-global-color-5)","background-image":"","background-repeat":"repeat","background-position":"center center","background-size":"auto","background-attachment":"scroll","background-type":"","background-media":"","overlay-type":"","overlay-color":"","overlay-opacity":"","overlay-gradient":""},"mobile":{"background-color":"var(--ast-global-color-5)","background-image":"","background-repeat":"repeat","background-position":"center center","background-size":"auto","background-attachment":"scroll","background-type":"","background-media":"","overlay-type":"","overlay-color":"","overlay-opacity":"","overlay-gradient":""}},"footnotes":""},"class_list":["post-245","page","type-page","status-publish","hentry"],"yoast_head":"<!-- This site is optimized with the Yoast SEO plugin v24.1 - https:\/\/yoast.com\/wordpress\/plugins\/seo\/ -->\n<title>Kontakt -<\/title>\n<meta name=\"robots\" content=\"index, follow, max-snippet:-1, max-image-preview:large, max-video-preview:-1\" \/>\n<link rel=\"canonical\" href=\"https:\/\/andentours.com\/de\/index.php\/kontakt\/\" \/>\n<meta property=\"og:locale\" content=\"de_DE\" \/>\n<meta property=\"og:type\" content=\"article\" \/>\n<meta property=\"og:title\" content=\"Kontakt -\" \/>\n<meta property=\"og:description\" content=\"Wir w\u00fcrden uns freuen, von Ihnen zu h\u00f6ren Kontaktieren Sie uns Hier finden Sie uns Kontakt aufnehmen Rufnummer: +57 312 2348985 info@andentours.com \u00d6ffnungszeiten Mo &#8211; Fr: 9 &#8211; 20 Uhr Machen Sie den ersten Schritt, wir k\u00fcmmern uns um den Rest\" \/>\n<meta property=\"og:url\" content=\"https:\/\/andentours.com\/de\/index.php\/kontakt\/\" \/>\n<meta property=\"article:modified_time\" content=\"2024-02-11T22:07:04+00:00\" \/>\n<meta name=\"twitter:card\" content=\"summary_large_image\" \/>\n<meta name=\"twitter:label1\" content=\"Gesch\u00e4tzte Lesezeit\" \/>\n\t<meta name=\"twitter:data1\" content=\"1\u00a0Minute\" \/>\n<script type=\"application\/ld+json\" class=\"yoast-schema-graph\">{\"@context\":\"https:\/\/schema.org\",\"@graph\":[{\"@type\":\"WebPage\",\"@id\":\"https:\/\/andentours.com\/de\/index.php\/kontakt\/\",\"url\":\"https:\/\/andentours.com\/de\/index.php\/kontakt\/\",\"name\":\"Kontakt -\",\"isPartOf\":{\"@id\":\"https:\/\/andentours.com\/de\/#website\"},\"datePublished\":\"2023-12-15T14:46:41+00:00\",\"dateModified\":\"2024-02-11T22:07:04+00:00\",\"breadcrumb\":{\"@id\":\"https:\/\/andentours.com\/de\/index.php\/kontakt\/#breadcrumb\"},\"inLanguage\":\"de\",\"potentialAction\":[{\"@type\":\"ReadAction\",\"target\":[\"https:\/\/andentours.com\/de\/index.php\/kontakt\/\"]}]},{\"@type\":\"BreadcrumbList\",\"@id\":\"https:\/\/andentours.com\/de\/index.php\/kontakt\/#breadcrumb\",\"itemListElement\":[{\"@type\":\"ListItem\",\"position\":1,\"name\":\"Home\",\"item\":\"https:\/\/andentours.com\/de\/\"},{\"@type\":\"ListItem\",\"position\":2,\"name\":\"Kontakt\"}]},{\"@type\":\"WebSite\",\"@id\":\"https:\/\/andentours.com\/de\/#website\",\"url\":\"https:\/\/andentours.com\/de\/\",\"name\":\"\",\"description\":\"\",\"publisher\":{\"@id\":\"https:\/\/andentours.com\/de\/#organization\"},\"potentialAction\":[{\"@type\":\"SearchAction\",\"target\":{\"@type\":\"EntryPoint\",\"urlTemplate\":\"https:\/\/andentours.com\/de\/?s={search_term_string}\"},\"query-input\":{\"@type\":\"PropertyValueSpecification\",\"valueRequired\":true,\"valueName\":\"search_term_string\"}}],\"inLanguage\":\"de\"},{\"@type\":\"Organization\",\"@id\":\"https:\/\/andentours.com\/de\/#organization\",\"name\":\"Anden Tours\",\"url\":\"https:\/\/andentours.com\/de\/\",\"logo\":{\"@type\":\"ImageObject\",\"inLanguage\":\"de\",\"@id\":\"https:\/\/andentours.com\/de\/#\/schema\/logo\/image\/\",\"url\":\"https:\/\/andentours.com\/wp-content\/uploads\/2023\/12\/Diseno-sin-titulo-34.png\",\"contentUrl\":\"https:\/\/andentours.com\/wp-content\/uploads\/2023\/12\/Diseno-sin-titulo-34.png\",\"width\":500,\"height\":500,\"caption\":\"Anden Tours\"},\"image\":{\"@id\":\"https:\/\/andentours.com\/de\/#\/schema\/logo\/image\/\"}}]}<\/script>\n<!-- \/ Yoast SEO plugin. -->","yoast_head_json":{"title":"Kontakt -","robots":{"index":"index","follow":"follow","max-snippet":"max-snippet:-1","max-image-preview":"max-image-preview:large","max-video-preview":"max-video-preview:-1"},"canonical":"https:\/\/andentours.com\/de\/index.php\/kontakt\/","og_locale":"de_DE","og_type":"article","og_title":"Kontakt -","og_description":"Wir w\u00fcrden uns freuen, von Ihnen zu h\u00f6ren Kontaktieren Sie uns Hier finden Sie uns Kontakt aufnehmen Rufnummer: +57 312 2348985 info@andentours.com \u00d6ffnungszeiten Mo &#8211; Fr: 9 &#8211; 20 Uhr Machen Sie den ersten Schritt, wir k\u00fcmmern uns um den Rest","og_url":"https:\/\/andentours.com\/de\/index.php\/kontakt\/","article_modified_time":"2024-02-11T22:07:04+00:00","twitter_card":"summary_large_image","twitter_misc":{"Gesch\u00e4tzte Lesezeit":"1\u00a0Minute"},"schema":{"@context":"https:\/\/schema.org","@graph":[{"@type":"WebPage","@id":"https:\/\/andentours.com\/de\/index.php\/kontakt\/","url":"https:\/\/andentours.com\/de\/index.php\/kontakt\/","name":"Kontakt -","isPartOf":{"@id":"https:\/\/andentours.com\/de\/#website"},"datePublished":"2023-12-15T14:46:41+00:00","dateModified":"2024-02-11T22:07:04+00:00","breadcrumb":{"@id":"https:\/\/andentours.com\/de\/index.php\/kontakt\/#breadcrumb"},"inLanguage":"de","potentialAction":[{"@type":"ReadAction","target":["https:\/\/andentours.com\/de\/index.php\/kontakt\/"]}]},{"@type":"BreadcrumbList","@id":"https:\/\/andentours.com\/de\/index.php\/kontakt\/#breadcrumb","itemListElement":[{"@type":"ListItem","position":1,"name":"Home","item":"https:\/\/andentours.com\/de\/"},{"@type":"ListItem","position":2,"name":"Kontakt"}]},{"@type":"WebSite","@id":"https:\/\/andentours.com\/de\/#website","url":"https:\/\/andentours.com\/de\/","name":"","description":"","publisher":{"@id":"https:\/\/andentours.com\/de\/#organization"},"potentialAction":[{"@type":"SearchAction","target":{"@type":"EntryPoint","urlTemplate":"https:\/\/andentours.com\/de\/?s={search_term_string}"},"query-input":{"@type":"PropertyValueSpecification","valueRequired":true,"valueName":"search_term_string"}}],"inLanguage":"de"},{"@type":"Organization","@id":"https:\/\/andentours.com\/de\/#organization","name":"Anden Tours","url":"https:\/\/andentours.com\/de\/","logo":{"@type":"ImageObject","inLanguage":"de","@id":"https:\/\/andentours.com\/de\/#\/schema\/logo\/image\/","url":"https:\/\/andentours.com\/wp-content\/uploads\/2023\/12\/Diseno-sin-titulo-34.png","contentUrl":"https:\/\/andentours.com\/wp-content\/uploads\/2023\/12\/Diseno-sin-titulo-34.png","width":500,"height":500,"caption":"Anden Tours"},"image":{"@id":"https:\/\/andentours.com\/de\/#\/schema\/logo\/image\/"}}]}},"_links":{"self":[{"href":"https:\/\/andentours.com\/de\/index.php\/wp-json\/wp\/v2\/pages\/245"}],"collection":[{"href":"https:\/\/andentours.com\/de\/index.php\/wp-json\/wp\/v2\/pages"}],"about":[{"href":"https:\/\/andentours.com\/de\/index.php\/wp-json\/wp\/v2\/types\/page"}],"author":[{"embeddable":true,"href":"https:\/\/andentours.com\/de\/index.php\/wp-json\/wp\/v2\/users\/1"}],"replies":[{"embeddable":true,"href":"https:\/\/andentours.com\/de\/index.php\/wp-json\/wp\/v2\/comments?post=245"}],"version-history":[{"count":4,"href":"https:\/\/andentours.com\/de\/index.php\/wp-json\/wp\/v2\/pages\/245\/revisions"}],"predecessor-version":[{"id":314,"href":"https:\/\/andentours.com\/de\/index.php\/wp-json\/wp\/v2\/pages\/245\/revisions\/314"}],"wp:attachment":[{"href":"https:\/\/andentours.com\/de\/index.php\/wp-json\/wp\/v2\/media?parent=245"}],"curies":[{"name":"wp","href":"https:\/\/api.w.org\/{rel}","templated":true}]}}