{"id":363,"date":"2024-09-10T17:03:06","date_gmt":"2024-09-10T16:03:06","guid":{"rendered":"https:\/\/andentours.com\/index.php\/rechtlicher-hinweis\/"},"modified":"2024-09-10T17:06:19","modified_gmt":"2024-09-10T16:06:19","slug":"rechtlicher-hinweis","status":"publish","type":"page","link":"https:\/\/andentours.com\/de\/index.php\/rechtlicher-hinweis\/","title":{"rendered":"Rechtlicher Hinweis"},"content":{"rendered":"\t\t<div data-elementor-type=\"wp-page\" data-elementor-id=\"363\" class=\"elementor elementor-363 elementor-361\" data-elementor-post-type=\"page\">\n\t\t\t\t<div class=\"elementor-element elementor-element-5beec7c e-flex e-con-boxed e-con e-parent\" data-id=\"5beec7c\" data-element_type=\"container\">\n\t\t\t\t\t<div class=\"e-con-inner\">\n\t\t\t\t<div class=\"elementor-element elementor-element-47defe2f elementor-widget elementor-widget-text-editor\" data-id=\"47defe2f\" data-element_type=\"widget\" data-widget_type=\"text-editor.default\">\n\t\t\t\t<div class=\"elementor-widget-container\">\n\t\t\t\t\t\t\t\t\t\n<h1 class=\"wp-block-heading\">Impressum \/ Rechtliche Hinweise<\/h1>\n\n\n\n<h2 class=\"wp-block-heading\">Angaben gem\u00e4\u00df \u00a7 5 TMG \/ Information in accordance with \u00a7 5 TMG<\/h2>\n\n\n\n<p>Anden Tours Cucunuba, Cundinamarca Kolumbien<\/p>\n\n\n\n<h2 class=\"wp-block-heading\">Kontakt \/ Kontakt<\/h2>\n\n\n\n<p>Telefon \/ Phone: +57 312 234 8985 E-Mail: <a href=\"mailto:info@andentours.com\">info@andentours.com<\/a><\/p>\n\n\n\n<h2 class=\"wp-block-heading\">Verantwortlich f\u00fcr den Inhalt \/ Responsible for content<\/h2>\n\n\n\n<p>Thomas Jentzsh<\/p>\n\n\n\n<hr class=\"wp-block-separator has-alpha-channel-opacity\">\n\n\n\n<h2 class=\"wp-block-heading\">Weitere Informationen \/ Additional Information<\/h2>\n\n\n\n<p>Dieses Unternehmen ist in Kolumbien ans\u00e4ssig und bietet Dienstleistungen f\u00fcr deutsche Kunden an.\nEs unterliegt den geltenden kolumbianischen Gesetzen und Vorschriften. <\/p>\n\n\n\n<p>Dieses Unternehmen ist in Kolumbien ans\u00e4ssig und bietet Dienstleistungen f\u00fcr deutsche Kunden an.\nEs unterliegt den geltenden kolumbianischen Gesetzen und Vorschriften. <\/p>\n\n\n\n<h2 class=\"wp-block-heading\">Haftungsausschluss \/ Disclaimer<\/h2>\n\n\n\n<p>Die Inhalte unserer Seiten wurden mit gr\u00f6\u00dfter Sorgfalt erstellt.\nF\u00fcr die Richtigkeit, Vollst\u00e4ndigkeit und Aktualit\u00e4t der Inhalte k\u00f6nnen wir jedoch keine Gew\u00e4hr \u00fcbernehmen. <\/p>\n\n\n\n<p>Die Inhalte unserer Seiten wurden mit gr\u00f6\u00dfter Sorgfalt erstellt.\nDennoch k\u00f6nnen wir keine Garantie f\u00fcr die Richtigkeit, Vollst\u00e4ndigkeit und Aktualit\u00e4t der Inhalte \u00fcbernehmen. <\/p>\n\n\n\n<h2 class=\"wp-block-heading\">Urheberrecht \/ Copyright<\/h2>\n\n\n\n<p>Die durch die Seitenbetreiber erstellten Inhalte und Werke auf diesen Seiten unterliegen dem deutschen Urheberrecht.\nDie Vervielf\u00e4ltigung, Bearbeitung, Verbreitung und jede Art der Verwertung au\u00dferhalb der Grenzen des Urheberrechtes bed\u00fcrfen der schriftlichen Zustimmung des jeweiligen Autors bzw. Erstellers.\nErstellers.  <\/p>\n\n\n\n<p>Die durch die Seitenbetreiber erstellten Inhalte und Werke auf diesen Seiten unterliegen dem deutschen Urheberrecht.\nDie Vervielf\u00e4ltigung, Bearbeitung, Verbreitung und jede Art der Verwertung au\u00dferhalb der Grenzen des Urheberrechtes bed\u00fcrfen der schriftlichen Zustimmung des jeweiligen Autors bzw. Erstellers. <\/p>\n\t\t\t\t\t\t\t\t<\/div>\n\t\t\t\t<\/div>\n\t\t\t\t\t<\/div>\n\t\t\t\t<\/div>\n\t\t\t\t<\/div>\n\t\t","protected":false},"excerpt":{"rendered":"<p>Impressum \/ Rechtliche Hinweise Angaben gem\u00e4\u00df \u00a7 5 TMG \/ Information in accordance with \u00a7 5 TMG Anden Tours Cucunuba, Cundinamarca Kolumbien Kontakt \/ Kontakt Telefon \/ Phone: +57 312 234 8985 E-Mail: info@andentours.com Verantwortlich f\u00fcr den Inhalt \/ Responsible for content Thomas Jentzsh Weitere Informationen \/ Additional Information Dieses Unternehmen ist in Kolumbien ans\u00e4ssig [&hellip;]<\/p>\n","protected":false},"author":1,"featured_media":0,"parent":0,"menu_order":0,"comment_status":"closed","ping_status":"closed","template":"elementor_header_footer","meta":{"site-sidebar-layout":"default","site-content-layout":"","ast-site-content-layout":"","site-content-style":"default","site-sidebar-style":"default","ast-global-header-display":"","ast-banner-title-visibility":"","ast-main-header-display":"","ast-hfb-above-header-display":"","ast-hfb-below-header-display":"","ast-hfb-mobile-header-display":"","site-post-title":"","ast-breadcrumbs-content":"","ast-featured-img":"","footer-sml-layout":"","theme-transparent-header-meta":"","adv-header-id-meta":"","stick-header-meta":"","header-above-stick-meta":"","header-main-stick-meta":"","header-below-stick-meta":"","astra-migrate-meta-layouts":"default","ast-page-background-enabled":"default","ast-page-background-meta":{"desktop":{"background-color":"var(--ast-global-color-4)","background-image":"","background-repeat":"repeat","background-position":"center center","background-size":"auto","background-attachment":"scroll","background-type":"","background-media":"","overlay-type":"","overlay-color":"","overlay-opacity":"","overlay-gradient":""},"tablet":{"background-color":"","background-image":"","background-repeat":"repeat","background-position":"center center","background-size":"auto","background-attachment":"scroll","background-type":"","background-media":"","overlay-type":"","overlay-color":"","overlay-opacity":"","overlay-gradient":""},"mobile":{"background-color":"","background-image":"","background-repeat":"repeat","background-position":"center center","background-size":"auto","background-attachment":"scroll","background-type":"","background-media":"","overlay-type":"","overlay-color":"","overlay-opacity":"","overlay-gradient":""}},"ast-content-background-meta":{"desktop":{"background-color":"var(--ast-global-color-5)","background-image":"","background-repeat":"repeat","background-position":"center center","background-size":"auto","background-attachment":"scroll","background-type":"","background-media":"","overlay-type":"","overlay-color":"","overlay-opacity":"","overlay-gradient":""},"tablet":{"background-color":"var(--ast-global-color-5)","background-image":"","background-repeat":"repeat","background-position":"center center","background-size":"auto","background-attachment":"scroll","background-type":"","background-media":"","overlay-type":"","overlay-color":"","overlay-opacity":"","overlay-gradient":""},"mobile":{"background-color":"var(--ast-global-color-5)","background-image":"","background-repeat":"repeat","background-position":"center center","background-size":"auto","background-attachment":"scroll","background-type":"","background-media":"","overlay-type":"","overlay-color":"","overlay-opacity":"","overlay-gradient":""}},"footnotes":""},"class_list":["post-363","page","type-page","status-publish","hentry"],"yoast_head":"<!-- This site is optimized with the Yoast SEO plugin v24.1 - https:\/\/yoast.com\/wordpress\/plugins\/seo\/ -->\n<title>Rechtlicher Hinweis -<\/title>\n<meta name=\"robots\" content=\"index, follow, max-snippet:-1, max-image-preview:large, max-video-preview:-1\" \/>\n<link rel=\"canonical\" href=\"https:\/\/andentours.com\/de\/index.php\/rechtlicher-hinweis\/\" \/>\n<meta property=\"og:locale\" content=\"de_DE\" \/>\n<meta property=\"og:type\" content=\"article\" \/>\n<meta property=\"og:title\" content=\"Rechtlicher Hinweis -\" \/>\n<meta property=\"og:description\" content=\"Impressum \/ Rechtliche Hinweise Angaben gem\u00e4\u00df \u00a7 5 TMG \/ Information in accordance with \u00a7 5 TMG Anden Tours Cucunuba, Cundinamarca Kolumbien Kontakt \/ Kontakt Telefon \/ Phone: +57 312 234 8985 E-Mail: info@andentours.com Verantwortlich f\u00fcr den Inhalt \/ Responsible for content Thomas Jentzsh Weitere Informationen \/ Additional Information Dieses Unternehmen ist in Kolumbien ans\u00e4ssig [&hellip;]\" \/>\n<meta property=\"og:url\" content=\"https:\/\/andentours.com\/de\/index.php\/rechtlicher-hinweis\/\" \/>\n<meta property=\"article:modified_time\" content=\"2024-09-10T16:06:19+00:00\" \/>\n<meta name=\"twitter:card\" content=\"summary_large_image\" \/>\n<meta name=\"twitter:label1\" content=\"Gesch\u00e4tzte Lesezeit\" \/>\n\t<meta name=\"twitter:data1\" content=\"1\u00a0Minute\" \/>\n<script type=\"application\/ld+json\" class=\"yoast-schema-graph\">{\"@context\":\"https:\/\/schema.org\",\"@graph\":[{\"@type\":\"WebPage\",\"@id\":\"https:\/\/andentours.com\/de\/index.php\/rechtlicher-hinweis\/\",\"url\":\"https:\/\/andentours.com\/de\/index.php\/rechtlicher-hinweis\/\",\"name\":\"Rechtlicher Hinweis -\",\"isPartOf\":{\"@id\":\"https:\/\/andentours.com\/de\/#website\"},\"datePublished\":\"2024-09-10T16:03:06+00:00\",\"dateModified\":\"2024-09-10T16:06:19+00:00\",\"breadcrumb\":{\"@id\":\"https:\/\/andentours.com\/de\/index.php\/rechtlicher-hinweis\/#breadcrumb\"},\"inLanguage\":\"de\",\"potentialAction\":[{\"@type\":\"ReadAction\",\"target\":[\"https:\/\/andentours.com\/de\/index.php\/rechtlicher-hinweis\/\"]}]},{\"@type\":\"BreadcrumbList\",\"@id\":\"https:\/\/andentours.com\/de\/index.php\/rechtlicher-hinweis\/#breadcrumb\",\"itemListElement\":[{\"@type\":\"ListItem\",\"position\":1,\"name\":\"Home\",\"item\":\"https:\/\/andentours.com\/de\/\"},{\"@type\":\"ListItem\",\"position\":2,\"name\":\"Rechtlicher Hinweis\"}]},{\"@type\":\"WebSite\",\"@id\":\"https:\/\/andentours.com\/de\/#website\",\"url\":\"https:\/\/andentours.com\/de\/\",\"name\":\"\",\"description\":\"\",\"publisher\":{\"@id\":\"https:\/\/andentours.com\/de\/#organization\"},\"potentialAction\":[{\"@type\":\"SearchAction\",\"target\":{\"@type\":\"EntryPoint\",\"urlTemplate\":\"https:\/\/andentours.com\/de\/?s={search_term_string}\"},\"query-input\":{\"@type\":\"PropertyValueSpecification\",\"valueRequired\":true,\"valueName\":\"search_term_string\"}}],\"inLanguage\":\"de\"},{\"@type\":\"Organization\",\"@id\":\"https:\/\/andentours.com\/de\/#organization\",\"name\":\"Anden Tours\",\"url\":\"https:\/\/andentours.com\/de\/\",\"logo\":{\"@type\":\"ImageObject\",\"inLanguage\":\"de\",\"@id\":\"https:\/\/andentours.com\/de\/#\/schema\/logo\/image\/\",\"url\":\"https:\/\/andentours.com\/wp-content\/uploads\/2023\/12\/Diseno-sin-titulo-34.png\",\"contentUrl\":\"https:\/\/andentours.com\/wp-content\/uploads\/2023\/12\/Diseno-sin-titulo-34.png\",\"width\":500,\"height\":500,\"caption\":\"Anden Tours\"},\"image\":{\"@id\":\"https:\/\/andentours.com\/de\/#\/schema\/logo\/image\/\"}}]}<\/script>\n<!-- \/ Yoast SEO plugin. -->","yoast_head_json":{"title":"Rechtlicher Hinweis -","robots":{"index":"index","follow":"follow","max-snippet":"max-snippet:-1","max-image-preview":"max-image-preview:large","max-video-preview":"max-video-preview:-1"},"canonical":"https:\/\/andentours.com\/de\/index.php\/rechtlicher-hinweis\/","og_locale":"de_DE","og_type":"article","og_title":"Rechtlicher Hinweis -","og_description":"Impressum \/ Rechtliche Hinweise Angaben gem\u00e4\u00df \u00a7 5 TMG \/ Information in accordance with \u00a7 5 TMG Anden Tours Cucunuba, Cundinamarca Kolumbien Kontakt \/ Kontakt Telefon \/ Phone: +57 312 234 8985 E-Mail: info@andentours.com Verantwortlich f\u00fcr den Inhalt \/ Responsible for content Thomas Jentzsh Weitere Informationen \/ Additional Information Dieses Unternehmen ist in Kolumbien ans\u00e4ssig [&hellip;]","og_url":"https:\/\/andentours.com\/de\/index.php\/rechtlicher-hinweis\/","article_modified_time":"2024-09-10T16:06:19+00:00","twitter_card":"summary_large_image","twitter_misc":{"Gesch\u00e4tzte Lesezeit":"1\u00a0Minute"},"schema":{"@context":"https:\/\/schema.org","@graph":[{"@type":"WebPage","@id":"https:\/\/andentours.com\/de\/index.php\/rechtlicher-hinweis\/","url":"https:\/\/andentours.com\/de\/index.php\/rechtlicher-hinweis\/","name":"Rechtlicher Hinweis -","isPartOf":{"@id":"https:\/\/andentours.com\/de\/#website"},"datePublished":"2024-09-10T16:03:06+00:00","dateModified":"2024-09-10T16:06:19+00:00","breadcrumb":{"@id":"https:\/\/andentours.com\/de\/index.php\/rechtlicher-hinweis\/#breadcrumb"},"inLanguage":"de","potentialAction":[{"@type":"ReadAction","target":["https:\/\/andentours.com\/de\/index.php\/rechtlicher-hinweis\/"]}]},{"@type":"BreadcrumbList","@id":"https:\/\/andentours.com\/de\/index.php\/rechtlicher-hinweis\/#breadcrumb","itemListElement":[{"@type":"ListItem","position":1,"name":"Home","item":"https:\/\/andentours.com\/de\/"},{"@type":"ListItem","position":2,"name":"Rechtlicher Hinweis"}]},{"@type":"WebSite","@id":"https:\/\/andentours.com\/de\/#website","url":"https:\/\/andentours.com\/de\/","name":"","description":"","publisher":{"@id":"https:\/\/andentours.com\/de\/#organization"},"potentialAction":[{"@type":"SearchAction","target":{"@type":"EntryPoint","urlTemplate":"https:\/\/andentours.com\/de\/?s={search_term_string}"},"query-input":{"@type":"PropertyValueSpecification","valueRequired":true,"valueName":"search_term_string"}}],"inLanguage":"de"},{"@type":"Organization","@id":"https:\/\/andentours.com\/de\/#organization","name":"Anden Tours","url":"https:\/\/andentours.com\/de\/","logo":{"@type":"ImageObject","inLanguage":"de","@id":"https:\/\/andentours.com\/de\/#\/schema\/logo\/image\/","url":"https:\/\/andentours.com\/wp-content\/uploads\/2023\/12\/Diseno-sin-titulo-34.png","contentUrl":"https:\/\/andentours.com\/wp-content\/uploads\/2023\/12\/Diseno-sin-titulo-34.png","width":500,"height":500,"caption":"Anden Tours"},"image":{"@id":"https:\/\/andentours.com\/de\/#\/schema\/logo\/image\/"}}]}},"_links":{"self":[{"href":"https:\/\/andentours.com\/de\/index.php\/wp-json\/wp\/v2\/pages\/363"}],"collection":[{"href":"https:\/\/andentours.com\/de\/index.php\/wp-json\/wp\/v2\/pages"}],"about":[{"href":"https:\/\/andentours.com\/de\/index.php\/wp-json\/wp\/v2\/types\/page"}],"author":[{"embeddable":true,"href":"https:\/\/andentours.com\/de\/index.php\/wp-json\/wp\/v2\/users\/1"}],"replies":[{"embeddable":true,"href":"https:\/\/andentours.com\/de\/index.php\/wp-json\/wp\/v2\/comments?post=363"}],"version-history":[{"count":2,"href":"https:\/\/andentours.com\/de\/index.php\/wp-json\/wp\/v2\/pages\/363\/revisions"}],"predecessor-version":[{"id":368,"href":"https:\/\/andentours.com\/de\/index.php\/wp-json\/wp\/v2\/pages\/363\/revisions\/368"}],"wp:attachment":[{"href":"https:\/\/andentours.com\/de\/index.php\/wp-json\/wp\/v2\/media?parent=363"}],"curies":[{"name":"wp","href":"https:\/\/api.w.org\/{rel}","templated":true}]}}